{"id":1866,"date":"2025-05-22T16:41:05","date_gmt":"2025-05-22T16:41:05","guid":{"rendered":"https:\/\/dev.uk.helpicon.se\/?page_id=1866"},"modified":"2026-02-12T20:32:23","modified_gmt":"2026-02-12T20:32:23","slug":"ratings-and-reviews-policy-page","status":"publish","type":"page","link":"https:\/\/uk.helpicon.se\/sv\/ratings-and-reviews-policy-page\/","title":{"rendered":"Sida med policy f\u00f6r betyg och recensioner"},"content":{"rendered":"<div data-elementor-type=\"wp-page\" data-elementor-id=\"1866\" class=\"elementor elementor-1866\" data-elementor-post-type=\"page\">\n\t\t\t\t<div class=\"elementor-element elementor-element-ad64abf e-flex e-con-boxed e-con e-parent\" data-id=\"ad64abf\" data-element_type=\"container\" data-e-type=\"container\">\n\t\t\t\t\t<div class=\"e-con-inner\">\n\t\t<div class=\"elementor-element elementor-element-4ef3426 e-con-full e-flex e-con e-child\" data-id=\"4ef3426\" data-element_type=\"container\" data-e-type=\"container\">\n\t\t\t\t<div class=\"elementor-element elementor-element-a014cc8 elementor-widget elementor-widget-heading\" data-id=\"a014cc8\" data-element_type=\"widget\" data-e-type=\"widget\" data-widget_type=\"heading.default\">\n\t\t\t\t<div class=\"elementor-widget-container\">\n\t\t\t\t\t<h1 class=\"elementor-heading-title elementor-size-default\">Policy f\u00f6r Betyg och Recensioner<\/h1>\t\t\t\t<\/div>\n\t\t\t\t<\/div>\n\t\t\t\t<div class=\"elementor-element elementor-element-9cb97ae elementor-widget__width-initial elementor-widget elementor-widget-text-editor\" data-id=\"9cb97ae\" data-element_type=\"widget\" data-e-type=\"widget\" data-widget_type=\"text-editor.default\">\n\t\t\t\t<div class=\"elementor-widget-container\">\n\t\t\t\t\t\t\t\t\t<p>V\u00e4lkommen till Helpicon! Vi uppskattar din n\u00e4rvaro och ditt engagemang i v\u00e5r community. F\u00f6r att skapa en positiv och p\u00e5litlig upplevelse f\u00f6r alla anv\u00e4ndare \u00e4r det viktigt att f\u00f6rst\u00e5 och f\u00f6lja v\u00e5ra riktlinjer n\u00e4r det kommer till recensioner och betyg. Denna sida \u00e4r utformad f\u00f6r att s\u00e4kerst\u00e4lla att alla anv\u00e4ndare har en r\u00e4ttvis och \u00e4rlig plattform f\u00f6r att dela sina erfarenheter.<\/p>\t\t\t\t\t\t\t\t<\/div>\n\t\t\t\t<\/div>\n\t\t\t\t<div class=\"elementor-element elementor-element-517ade7 elementor-widget__width-initial elementor-widget elementor-widget-n-accordion\" data-id=\"517ade7\" data-element_type=\"widget\" data-e-type=\"widget\" data-settings=\"{&quot;default_state&quot;:&quot;all_collapsed&quot;,&quot;max_items_expended&quot;:&quot;multiple&quot;,&quot;n_accordion_animation_duration&quot;:{&quot;unit&quot;:&quot;ms&quot;,&quot;size&quot;:100,&quot;sizes&quot;:[]}}\" data-widget_type=\"nested-accordion.default\">\n\t\t\t\t<div class=\"elementor-widget-container\">\n\t\t\t\t\t\t\t<div class=\"e-n-accordion\" aria-label=\"Accordion. Open links with Enter or Space, close with Escape, and navigate with Arrow Keys\">\n\t\t\t\t\t\t<details id=\"e-n-accordion-item-8540\" class=\"e-n-accordion-item\" >\n\t\t\t\t<summary class=\"e-n-accordion-item-title\" data-accordion-index=\"1\" tabindex=\"0\" aria-expanded=\"false\" aria-controls=\"e-n-accordion-item-8540\" >\n\t\t\t\t\t<span class='e-n-accordion-item-title-header'><div class=\"e-n-accordion-item-title-text\"> \u00c4rlighet och \u00e4ndam\u00e5l <\/div><\/span>\n\t\t\t\t\t\t\t\t\t<\/summary>\n\t\t\t\t<div role=\"region\" aria-labelledby=\"e-n-accordion-item-8540\" class=\"elementor-element elementor-element-a36930b e-con-full e-flex e-con e-child\" data-id=\"a36930b\" data-element_type=\"container\" data-e-type=\"container\">\n\t\t\t\t<div class=\"elementor-element elementor-element-b531273 elementor-widget elementor-widget-text-editor\" data-id=\"b531273\" data-element_type=\"widget\" data-e-type=\"widget\" data-widget_type=\"text-editor.default\">\n\t\t\t\t<div class=\"elementor-widget-container\">\n\t\t\t\t\t\t\t\t\t<p>Recensioner och betyg ska vara \u00e4rliga och relevanta. De ska \u00e5terspegla din faktiska upplevelse med anv\u00e4ndaren du har gjort aff\u00e4r med. Falska eller vilseledande recensioner och betyg \u00e4r inte till\u00e5tna.<\/p>\t\t\t\t\t\t\t\t<\/div>\n\t\t\t\t<\/div>\n\t\t\t\t<\/div>\n\t\t\t\t\t<\/details>\n\t\t\t\t\t\t<details id=\"e-n-accordion-item-8541\" class=\"e-n-accordion-item\" >\n\t\t\t\t<summary class=\"e-n-accordion-item-title\" data-accordion-index=\"2\" tabindex=\"-1\" aria-expanded=\"false\" aria-controls=\"e-n-accordion-item-8541\" >\n\t\t\t\t\t<span class='e-n-accordion-item-title-header'><div class=\"e-n-accordion-item-title-text\"> Respekt och h\u00e4nsyn <\/div><\/span>\n\t\t\t\t\t\t\t\t\t<\/summary>\n\t\t\t\t<div role=\"region\" aria-labelledby=\"e-n-accordion-item-8541\" class=\"elementor-element elementor-element-bb2a34d e-con-full e-flex e-con e-child\" data-id=\"bb2a34d\" data-element_type=\"container\" data-e-type=\"container\">\n\t\t\t\t<div class=\"elementor-element elementor-element-cd7aef7 elementor-widget elementor-widget-text-editor\" data-id=\"cd7aef7\" data-element_type=\"widget\" data-e-type=\"widget\" data-widget_type=\"text-editor.default\">\n\t\t\t\t<div class=\"elementor-widget-container\">\n\t\t\t\t\t\t\t\t\t<p>Alla recensioner och betyg m\u00e5ste f\u00f6lja v\u00e5ra riktlinjer f\u00f6r respekt och h\u00e4nsyn. Det \u00e4r inte till\u00e5tet att anv\u00e4nda grovt spr\u00e5k, hot, trakasserier eller diskriminering. Respektera alltid andra anv\u00e4ndares integritet.<\/p>\t\t\t\t\t\t\t\t<\/div>\n\t\t\t\t<\/div>\n\t\t\t\t<\/div>\n\t\t\t\t\t<\/details>\n\t\t\t\t\t\t<details id=\"e-n-accordion-item-8542\" class=\"e-n-accordion-item\" >\n\t\t\t\t<summary class=\"e-n-accordion-item-title\" data-accordion-index=\"3\" tabindex=\"-1\" aria-expanded=\"false\" aria-controls=\"e-n-accordion-item-8542\" >\n\t\t\t\t\t<span class='e-n-accordion-item-title-header'><div class=\"e-n-accordion-item-title-text\"> Personliga erfarenheter <\/div><\/span>\n\t\t\t\t\t\t\t\t\t<\/summary>\n\t\t\t\t<div role=\"region\" aria-labelledby=\"e-n-accordion-item-8542\" class=\"elementor-element elementor-element-886e8f0 e-con-full e-flex e-con e-child\" data-id=\"886e8f0\" data-element_type=\"container\" data-e-type=\"container\">\n\t\t\t\t<div class=\"elementor-element elementor-element-da4641b elementor-widget elementor-widget-text-editor\" data-id=\"da4641b\" data-element_type=\"widget\" data-e-type=\"widget\" data-widget_type=\"text-editor.default\">\n\t\t\t\t<div class=\"elementor-widget-container\">\n\t\t\t\t\t\t\t\t\t<p>Recensioner och betyg ska vara baserade p\u00e5 dina egna personliga erfarenheter och inte p\u00e5 rykten eller information fr\u00e5n tredje part. Anv\u00e4nd inte recensioner f\u00f6r att f\u00f6ra fram personliga agg eller k\u00e4nslor.<\/p>\t\t\t\t\t\t\t\t<\/div>\n\t\t\t\t<\/div>\n\t\t\t\t<\/div>\n\t\t\t\t\t<\/details>\n\t\t\t\t\t\t<details id=\"e-n-accordion-item-8543\" class=\"e-n-accordion-item\" >\n\t\t\t\t<summary class=\"e-n-accordion-item-title\" data-accordion-index=\"4\" tabindex=\"-1\" aria-expanded=\"false\" aria-controls=\"e-n-accordion-item-8543\" >\n\t\t\t\t\t<span class='e-n-accordion-item-title-header'><div class=\"e-n-accordion-item-title-text\"> Ingen f\u00f6rm\u00e5n eller utbyte <\/div><\/span>\n\t\t\t\t\t\t\t\t\t<\/summary>\n\t\t\t\t<div role=\"region\" aria-labelledby=\"e-n-accordion-item-8543\" class=\"elementor-element elementor-element-97ff9c5 e-flex e-con-boxed e-con e-child\" data-id=\"97ff9c5\" data-element_type=\"container\" data-e-type=\"container\">\n\t\t\t\t\t<div class=\"e-con-inner\">\n\t\t\t\t<div class=\"elementor-element elementor-element-ed58ca2 elementor-widget elementor-widget-text-editor\" data-id=\"ed58ca2\" data-element_type=\"widget\" data-e-type=\"widget\" data-widget_type=\"text-editor.default\">\n\t\t\t\t<div class=\"elementor-widget-container\">\n\t\t\t\t\t\t\t\t\t<p>Det \u00e4r inte till\u00e5tet att ge incitament eller f\u00f6rm\u00e5ner f\u00f6r att f\u00e5 positiva recensioner eller betyg. Recensioner och betyg ska vara oberoende och baserade p\u00e5 anv\u00e4ndarens faktiska upplevelse.<\/p>\t\t\t\t\t\t\t\t<\/div>\n\t\t\t\t<\/div>\n\t\t\t\t\t<\/div>\n\t\t\t\t<\/div>\n\t\t\t\t\t<\/details>\n\t\t\t\t\t\t<details id=\"e-n-accordion-item-8544\" class=\"e-n-accordion-item\" >\n\t\t\t\t<summary class=\"e-n-accordion-item-title\" data-accordion-index=\"5\" tabindex=\"-1\" aria-expanded=\"false\" aria-controls=\"e-n-accordion-item-8544\" >\n\t\t\t\t\t<span class='e-n-accordion-item-title-header'><div class=\"e-n-accordion-item-title-text\"> Rapportering av \u00f6vertr\u00e4delser <\/div><\/span>\n\t\t\t\t\t\t\t\t\t<\/summary>\n\t\t\t\t<div role=\"region\" aria-labelledby=\"e-n-accordion-item-8544\" class=\"elementor-element elementor-element-bc4938e e-flex e-con-boxed e-con e-child\" data-id=\"bc4938e\" data-element_type=\"container\" data-e-type=\"container\">\n\t\t\t\t\t<div class=\"e-con-inner\">\n\t\t\t\t<div class=\"elementor-element elementor-element-3989f21 elementor-widget elementor-widget-text-editor\" data-id=\"3989f21\" data-element_type=\"widget\" data-e-type=\"widget\" data-widget_type=\"text-editor.default\">\n\t\t\t\t<div class=\"elementor-widget-container\">\n\t\t\t\t\t\t\t\t\t<p>Om du tror att en recension eller ett betyg bryter mot v\u00e5ra riktlinjer \u00e4r det viktigt att rapportera det till oss. Vi kommer att utreda och vidta l\u00e4mpliga \u00e5tg\u00e4rder mot eventuella \u00f6vertr\u00e4delser.<\/p>\t\t\t\t\t\t\t\t<\/div>\n\t\t\t\t<\/div>\n\t\t\t\t\t<\/div>\n\t\t\t\t<\/div>\n\t\t\t\t\t<\/details>\n\t\t\t\t\t\t<details id=\"e-n-accordion-item-8545\" class=\"e-n-accordion-item\" >\n\t\t\t\t<summary class=\"e-n-accordion-item-title\" data-accordion-index=\"6\" tabindex=\"-1\" aria-expanded=\"false\" aria-controls=\"e-n-accordion-item-8545\" >\n\t\t\t\t\t<span class='e-n-accordion-item-title-header'><div class=\"e-n-accordion-item-title-text\"> Konsekvenser f\u00f6r \u00f6vertr\u00e4delser <\/div><\/span>\n\t\t\t\t\t\t\t\t\t<\/summary>\n\t\t\t\t<div role=\"region\" aria-labelledby=\"e-n-accordion-item-8545\" class=\"elementor-element elementor-element-a2d41da e-flex e-con-boxed e-con e-child\" data-id=\"a2d41da\" data-element_type=\"container\" data-e-type=\"container\">\n\t\t\t\t\t<div class=\"e-con-inner\">\n\t\t\t\t<div class=\"elementor-element elementor-element-1eee747 elementor-widget elementor-widget-text-editor\" data-id=\"1eee747\" data-element_type=\"widget\" data-e-type=\"widget\" data-widget_type=\"text-editor.default\">\n\t\t\t\t<div class=\"elementor-widget-container\">\n\t\t\t\t\t\t\t\t\t<p>Brott mot Helpicons \u2018Policy f\u00f6r Betyg och Recensioner\u2019 kan leda till varningar, tillf\u00e4lliga avst\u00e4ngningar eller permanenta avst\u00e4ngningar fr\u00e5n Helpicon. Vi tar \u00f6vertr\u00e4delser p\u00e5 stort allvar f\u00f6r att s\u00e4kerst\u00e4lla att v\u00e5r plattform \u00e4r r\u00e4ttvis och p\u00e5litlig. Vi tackar dig f\u00f6r att du hj\u00e4lper oss att skapa en community som bygger p\u00e5 \u00f6ppenhet och \u00e4rlighet. Tillsammans kan vi bygga en positiv milj\u00f6 d\u00e4r anv\u00e4ndare kan dela sina erfarenheter p\u00e5 ett meningsfullt s\u00e4tt. Denna \u2018Policy f\u00f6r Betyg och Recensioner\u2019 \u00e4r underlagd \u00e4ndringar och uppdateringar. Se till att du regelbundet granskar den f\u00f6r att h\u00e5lla dig uppdaterad om eventuella \u00e4ndringar. Tack f\u00f6r att du \u00e4r en del av Helpicon!<\/p>\t\t\t\t\t\t\t\t<\/div>\n\t\t\t\t<\/div>\n\t\t\t\t\t<\/div>\n\t\t\t\t<\/div>\n\t\t\t\t\t<\/details>\n\t\t\t\t\t<\/div>\n\t\t\t\t\t\t<\/div>\n\t\t\t\t<\/div>\n\t\t\t\t<\/div>\n\t\t\t\t\t<\/div>\n\t\t\t\t<\/div>\n\t\t\t\t<\/div>","protected":false},"excerpt":{"rendered":"<p>Ratings and Reviews Policy Welcome to Helpicon! We appreciate your presence and engagement in our community. To create a positive and reliable experience for all users, it is important to understand and follow our guidelines when it comes to reviews and ratings. This page is designed to ensure that all users have a fair and [&hellip;]<\/p>\n","protected":false},"author":1,"featured_media":0,"parent":0,"menu_order":0,"comment_status":"closed","ping_status":"closed","template":"","meta":{"_acf_changed":false,"inline_featured_image":false,"footnotes":""},"class_list":["post-1866","page","type-page","status-publish","hentry"],"acf":[],"yoast_head":"<!-- This site is optimized with the Yoast SEO plugin v26.9 - https:\/\/yoast.com\/product\/yoast-seo-wordpress\/ -->\n<title>Sida med policy f\u00f6r betyg och recensioner - Helpicon UK<\/title>\n<meta name=\"description\" content=\"L\u00e4s Helpicons riktlinjer f\u00f6r betyg och recensioner. Vi s\u00e4kerst\u00e4ller att omd\u00f6men \u00e4r \u00e4kta, r\u00e4ttvisa och speglar verkliga upplevelser.\" \/>\n<meta name=\"robots\" content=\"index, follow, max-snippet:-1, max-image-preview:large, max-video-preview:-1\" \/>\n<link rel=\"canonical\" href=\"https:\/\/uk.helpicon.se\/sv\/ratings-and-reviews-policy-page\/\" \/>\n<meta property=\"og:locale\" content=\"sv_SE\" \/>\n<meta property=\"og:type\" content=\"article\" \/>\n<meta property=\"og:title\" content=\"Sida med policy f\u00f6r betyg och recensioner - Helpicon UK\" \/>\n<meta property=\"og:description\" content=\"L\u00e4s Helpicons riktlinjer f\u00f6r betyg och recensioner. Vi s\u00e4kerst\u00e4ller att omd\u00f6men \u00e4r \u00e4kta, r\u00e4ttvisa och speglar verkliga upplevelser.\" \/>\n<meta property=\"og:url\" content=\"https:\/\/uk.helpicon.se\/sv\/ratings-and-reviews-policy-page\/\" \/>\n<meta property=\"og:site_name\" content=\"Helpicon UK\" \/>\n<meta property=\"article:modified_time\" content=\"2026-02-12T20:32:23+00:00\" \/>\n<meta property=\"og:image\" content=\"https:\/\/uk.helpicon.se\/wp-content\/uploads\/sites\/4\/2025\/07\/photo_2025-07-03_17-41-37.jpg\" \/>\n\t<meta property=\"og:image:width\" content=\"1200\" \/>\n\t<meta property=\"og:image:height\" content=\"630\" \/>\n\t<meta property=\"og:image:type\" content=\"image\/jpeg\" \/>\n<meta name=\"twitter:card\" content=\"summary_large_image\" \/>\n<meta name=\"twitter:image\" content=\"https:\/\/uk.helpicon.se\/wp-content\/uploads\/sites\/4\/2025\/07\/photo_2025-07-03_17-41-37.jpg?wsr\" \/>\n<meta name=\"twitter:label1\" content=\"Ber\u00e4knad l\u00e4stid\" \/>\n\t<meta name=\"twitter:data1\" content=\"3 minuter\" \/>\n<script type=\"application\/ld+json\" class=\"yoast-schema-graph\">{\"@context\":\"https:\/\/schema.org\",\"@graph\":[{\"@type\":\"WebPage\",\"@id\":\"https:\/\/uk.helpicon.se\/ratings-and-reviews-policy-page\/\",\"url\":\"https:\/\/uk.helpicon.se\/ratings-and-reviews-policy-page\/\",\"name\":\"Sida med policy f\u00f6r betyg och recensioner - Helpicon UK\",\"isPartOf\":{\"@id\":\"https:\/\/uk.helpicon.se\/#website\"},\"datePublished\":\"2025-05-22T16:41:05+00:00\",\"dateModified\":\"2026-02-12T20:32:23+00:00\",\"description\":\"L\u00e4s Helpicons riktlinjer f\u00f6r betyg och recensioner. Vi s\u00e4kerst\u00e4ller att omd\u00f6men \u00e4r \u00e4kta, r\u00e4ttvisa och speglar verkliga upplevelser.\",\"breadcrumb\":{\"@id\":\"https:\/\/uk.helpicon.se\/ratings-and-reviews-policy-page\/#breadcrumb\"},\"inLanguage\":\"sv-SE\",\"potentialAction\":[{\"@type\":\"ReadAction\",\"target\":[\"https:\/\/uk.helpicon.se\/ratings-and-reviews-policy-page\/\"]}]},{\"@type\":\"BreadcrumbList\",\"@id\":\"https:\/\/uk.helpicon.se\/ratings-and-reviews-policy-page\/#breadcrumb\",\"itemListElement\":[{\"@type\":\"ListItem\",\"position\":1,\"name\":\"Home\",\"item\":\"https:\/\/uk.helpicon.se\/\"},{\"@type\":\"ListItem\",\"position\":2,\"name\":\"Sida med policy f\u00f6r betyg och recensioner\"}]},{\"@type\":\"WebSite\",\"@id\":\"https:\/\/uk.helpicon.se\/#website\",\"url\":\"https:\/\/uk.helpicon.se\/\",\"name\":\"Helpicon UK\",\"description\":\"\",\"potentialAction\":[{\"@type\":\"SearchAction\",\"target\":{\"@type\":\"EntryPoint\",\"urlTemplate\":\"https:\/\/uk.helpicon.se\/?s={search_term_string}\"},\"query-input\":{\"@type\":\"PropertyValueSpecification\",\"valueRequired\":true,\"valueName\":\"search_term_string\"}}],\"inLanguage\":\"sv-SE\"}]}<\/script>\n<!-- \/ Yoast SEO plugin. -->","yoast_head_json":{"title":"Sida med policy f\u00f6r betyg och recensioner - Helpicon UK","description":"L\u00e4s Helpicons riktlinjer f\u00f6r betyg och recensioner. Vi s\u00e4kerst\u00e4ller att omd\u00f6men \u00e4r \u00e4kta, r\u00e4ttvisa och speglar verkliga upplevelser.","robots":{"index":"index","follow":"follow","max-snippet":"max-snippet:-1","max-image-preview":"max-image-preview:large","max-video-preview":"max-video-preview:-1"},"canonical":"https:\/\/uk.helpicon.se\/sv\/ratings-and-reviews-policy-page\/","og_locale":"sv_SE","og_type":"article","og_title":"Sida med policy f\u00f6r betyg och recensioner - Helpicon UK","og_description":"L\u00e4s Helpicons riktlinjer f\u00f6r betyg och recensioner. Vi s\u00e4kerst\u00e4ller att omd\u00f6men \u00e4r \u00e4kta, r\u00e4ttvisa och speglar verkliga upplevelser.","og_url":"https:\/\/uk.helpicon.se\/sv\/ratings-and-reviews-policy-page\/","og_site_name":"Helpicon UK","article_modified_time":"2026-02-12T20:32:23+00:00","og_image":[{"width":1200,"height":630,"url":"https:\/\/uk.helpicon.se\/wp-content\/uploads\/sites\/4\/2025\/07\/photo_2025-07-03_17-41-37.jpg","type":"image\/jpeg"}],"twitter_card":"summary_large_image","twitter_image":"https:\/\/uk.helpicon.se\/wp-content\/uploads\/sites\/4\/2025\/07\/photo_2025-07-03_17-41-37.jpg?wsr","twitter_misc":{"Ber\u00e4knad l\u00e4stid":"3 minuter"},"schema":{"@context":"https:\/\/schema.org","@graph":[{"@type":"WebPage","@id":"https:\/\/uk.helpicon.se\/ratings-and-reviews-policy-page\/","url":"https:\/\/uk.helpicon.se\/ratings-and-reviews-policy-page\/","name":"Sida med policy f\u00f6r betyg och recensioner - Helpicon UK","isPartOf":{"@id":"https:\/\/uk.helpicon.se\/#website"},"datePublished":"2025-05-22T16:41:05+00:00","dateModified":"2026-02-12T20:32:23+00:00","description":"L\u00e4s Helpicons riktlinjer f\u00f6r betyg och recensioner. Vi s\u00e4kerst\u00e4ller att omd\u00f6men \u00e4r \u00e4kta, r\u00e4ttvisa och speglar verkliga upplevelser.","breadcrumb":{"@id":"https:\/\/uk.helpicon.se\/ratings-and-reviews-policy-page\/#breadcrumb"},"inLanguage":"sv-SE","potentialAction":[{"@type":"ReadAction","target":["https:\/\/uk.helpicon.se\/ratings-and-reviews-policy-page\/"]}]},{"@type":"BreadcrumbList","@id":"https:\/\/uk.helpicon.se\/ratings-and-reviews-policy-page\/#breadcrumb","itemListElement":[{"@type":"ListItem","position":1,"name":"Home","item":"https:\/\/uk.helpicon.se\/"},{"@type":"ListItem","position":2,"name":"Sida med policy f\u00f6r betyg och recensioner"}]},{"@type":"WebSite","@id":"https:\/\/uk.helpicon.se\/#website","url":"https:\/\/uk.helpicon.se\/","name":"Helpicon UK","description":"","potentialAction":[{"@type":"SearchAction","target":{"@type":"EntryPoint","urlTemplate":"https:\/\/uk.helpicon.se\/?s={search_term_string}"},"query-input":{"@type":"PropertyValueSpecification","valueRequired":true,"valueName":"search_term_string"}}],"inLanguage":"sv-SE"}]}},"_links":{"self":[{"href":"https:\/\/uk.helpicon.se\/sv\/wp-json\/wp\/v2\/pages\/1866","targetHints":{"allow":["GET"]}}],"collection":[{"href":"https:\/\/uk.helpicon.se\/sv\/wp-json\/wp\/v2\/pages"}],"about":[{"href":"https:\/\/uk.helpicon.se\/sv\/wp-json\/wp\/v2\/types\/page"}],"author":[{"embeddable":true,"href":"https:\/\/uk.helpicon.se\/sv\/wp-json\/wp\/v2\/users\/1"}],"replies":[{"embeddable":true,"href":"https:\/\/uk.helpicon.se\/sv\/wp-json\/wp\/v2\/comments?post=1866"}],"version-history":[{"count":13,"href":"https:\/\/uk.helpicon.se\/sv\/wp-json\/wp\/v2\/pages\/1866\/revisions"}],"predecessor-version":[{"id":7180,"href":"https:\/\/uk.helpicon.se\/sv\/wp-json\/wp\/v2\/pages\/1866\/revisions\/7180"}],"wp:attachment":[{"href":"https:\/\/uk.helpicon.se\/sv\/wp-json\/wp\/v2\/media?parent=1866"}],"curies":[{"name":"wp","href":"https:\/\/api.w.org\/{rel}","templated":true}]}}